{"id":5,"date":"2023-04-15T10:53:46","date_gmt":"2023-04-15T10:53:46","guid":{"rendered":"https:\/\/mejoresproductosparaperros.com\/?page_id=5"},"modified":"2023-04-15T14:18:31","modified_gmt":"2023-04-15T12:18:31","slug":"quieres-que-tu-perro-sea-feliz","status":"publish","type":"page","link":"https:\/\/mejoresproductosparaperros.com\/","title":{"rendered":"\u00bfQuieres que tu perro sea feliz?"},"content":{"rendered":"\n<p>Consigue algunos de los <strong>mejores productos y consejos<\/strong> para que tu perro tenga los mejores cuidados y una buena calidad de vida.<\/p>\n\n\n\n<figure class=\"wp-block-image size-full is-resized\"><img decoding=\"async\" loading=\"lazy\" src=\"https:\/\/mejoresproductosparaperros.com\/wp-content\/uploads\/2023\/04\/adorable-grown-up-animal-background.jpg\" alt=\"\" class=\"wp-image-7\" width=\"649\" height=\"432\"\/><\/figure>\n\n\n\n<h2 class=\"wp-block-heading\"><strong>Principales accesorios<\/strong><\/h2>\n\n\n\n<h3 class=\"wp-block-heading\"><strong>Camas<\/strong><\/h3>\n\n\n\n<p>Los perros necesitan un lugar c\u00f3modo y seguro donde descansar y dormir. Las camas para perros est\u00e1n dise\u00f1adas para proporcionarles una superficie acolchada y suave donde puedan relajarse y descansar. Adem\u00e1s, tener una cama para perros puede ayudar a mantener <strong>el pelo y la piel<\/strong> de tu mascota <strong>limpios y saludables<\/strong>, ya que les brinda un lugar propio y separado de otros objetos de la casa.<\/p>\n\n\n\n<figure class=\"wp-block-image size-large\"><img decoding=\"async\" loading=\"lazy\" width=\"1024\" height=\"768\" src=\"https:\/\/mejoresproductosparaperros.com\/wp-content\/uploads\/2023\/04\/dog-4592716_1280-1024x768.jpg\" alt=\"\" class=\"wp-image-17\" srcset=\"https:\/\/mejoresproductosparaperros.com\/wp-content\/uploads\/2023\/04\/dog-4592716_1280-1024x768.jpg 1024w, https:\/\/mejoresproductosparaperros.com\/wp-content\/uploads\/2023\/04\/dog-4592716_1280-300x225.jpg 300w, https:\/\/mejoresproductosparaperros.com\/wp-content\/uploads\/2023\/04\/dog-4592716_1280-768x576.jpg 768w, https:\/\/mejoresproductosparaperros.com\/wp-content\/uploads\/2023\/04\/dog-4592716_1280.jpg 1280w\" sizes=\"(max-width: 1024px) 100vw, 1024px\" \/><\/figure>\n\n\n\n<h3 class=\"wp-block-heading\"><strong>Arneses y correas<\/strong><\/h3>\n\n\n\n<p>Tanto los arneses como las correas son \u00fatiles para el cuidado y control de los perros durante los paseos. Los arneses proporcionan una <strong>sujeci\u00f3n m\u00e1s segura<\/strong> y c\u00f3moda, mientras que las correas ayudan a prevenir que el perro se aleje o se pierda, permiten una <strong>mayor comunicaci\u00f3n<\/strong> entre el perro y su due\u00f1o y son \u00fatiles en el entrenamiento. En general, ambas herramientas contribuyen al bienestar y seguridad del perro y de su due\u00f1o.<\/p>\n\n\n\n<figure class=\"wp-block-image size-full\"><img decoding=\"async\" loading=\"lazy\" width=\"910\" height=\"580\" src=\"https:\/\/mejoresproductosparaperros.com\/wp-content\/uploads\/2023\/04\/puppy-cute-labradoodle-leash.jpg\" alt=\"\" class=\"wp-image-15\" srcset=\"https:\/\/mejoresproductosparaperros.com\/wp-content\/uploads\/2023\/04\/puppy-cute-labradoodle-leash.jpg 910w, https:\/\/mejoresproductosparaperros.com\/wp-content\/uploads\/2023\/04\/puppy-cute-labradoodle-leash-300x191.jpg 300w, https:\/\/mejoresproductosparaperros.com\/wp-content\/uploads\/2023\/04\/puppy-cute-labradoodle-leash-768x489.jpg 768w\" sizes=\"(max-width: 910px) 100vw, 910px\" \/><\/figure>\n\n\n\n<h3 class=\"wp-block-heading\"><strong>Comida<\/strong><\/h3>\n\n\n\n<p>La alimentaci\u00f3n es uno de los aspectos m\u00e1s importantes en el cuidado de un perro. La comida para perros debe contener todos los nutrientes esenciales para mantener a tu mascota saludable y en buena forma f\u00edsica. Adem\u00e1s, cada perro tiene <strong>necesidades nutricionales espec\u00edficas<\/strong> seg\u00fan su raza, edad, peso y nivel de actividad, por lo que es importante elegir una comida que se adapte a las necesidades de tu perro.<\/p>\n\n\n\n<figure class=\"wp-block-image size-large\"><img decoding=\"async\" loading=\"lazy\" width=\"1024\" height=\"682\" src=\"https:\/\/mejoresproductosparaperros.com\/wp-content\/uploads\/2023\/04\/dog-5504867_1280-1024x682.jpg\" alt=\"\" class=\"wp-image-11\" srcset=\"https:\/\/mejoresproductosparaperros.com\/wp-content\/uploads\/2023\/04\/dog-5504867_1280-1024x682.jpg 1024w, https:\/\/mejoresproductosparaperros.com\/wp-content\/uploads\/2023\/04\/dog-5504867_1280-300x200.jpg 300w, https:\/\/mejoresproductosparaperros.com\/wp-content\/uploads\/2023\/04\/dog-5504867_1280-768x512.jpg 768w, https:\/\/mejoresproductosparaperros.com\/wp-content\/uploads\/2023\/04\/dog-5504867_1280.jpg 1280w\" sizes=\"(max-width: 1024px) 100vw, 1024px\" \/><\/figure>\n\n\n\n<h3 class=\"wp-block-heading\"><strong>Juguetes<\/strong><\/h3>\n\n\n\n<p>Los juguetes son una parte importante del enriquecimiento y el entretenimiento de los perros. Los juguetes para perros pueden ayudar a <strong>prevenir el aburrimiento y la ansiedad<\/strong>, as\u00ed como a <strong>promover la actividad f\u00edsica y mental<\/strong>. Al elegir juguetes para tu perro, es importante tener en cuenta su tama\u00f1o, edad, nivel de actividad y preferencias personales.<\/p>\n\n\n\n<figure class=\"wp-block-image size-large\"><img decoding=\"async\" loading=\"lazy\" width=\"1024\" height=\"680\" src=\"https:\/\/mejoresproductosparaperros.com\/wp-content\/uploads\/2023\/04\/puller-4512752_1280-1024x680.jpg\" alt=\"\" class=\"wp-image-16\" srcset=\"https:\/\/mejoresproductosparaperros.com\/wp-content\/uploads\/2023\/04\/puller-4512752_1280-1024x680.jpg 1024w, https:\/\/mejoresproductosparaperros.com\/wp-content\/uploads\/2023\/04\/puller-4512752_1280-300x199.jpg 300w, https:\/\/mejoresproductosparaperros.com\/wp-content\/uploads\/2023\/04\/puller-4512752_1280-768x510.jpg 768w, https:\/\/mejoresproductosparaperros.com\/wp-content\/uploads\/2023\/04\/puller-4512752_1280.jpg 1280w\" sizes=\"(max-width: 1024px) 100vw, 1024px\" \/><\/figure>\n\n\n\n<h3 class=\"wp-block-heading\"><strong>Otros<\/strong><\/h3>\n\n\n\n<p>Los productos para perros pueden incluir una amplia variedad de elementos, como champ\u00fas y acondicionadores, cepillos y peines, ropa para perros, correas y collares, entre otros. Estos productos pueden ser \u00fatiles para mantener la higiene y la salud de tu perro, o para proporcionarle comodidad y estilo. Al elegir productos adicionales para tu perro, es importante tener en cuenta sus necesidades espec\u00edficas y preferencias personales.<\/p>\n","protected":false},"excerpt":{"rendered":"<p>Consigue algunos de los mejores productos y consejos para que tu perro tenga los mejores cuidados y una buena calidad de vida. Principales accesorios Camas Los perros necesitan un lugar c\u00f3modo y seguro donde descansar y dormir. Las camas para perros est\u00e1n dise\u00f1adas para proporcionarles una superficie acolchada y suave donde puedan relajarse y descansar. [&hellip;]<\/p>\n","protected":false},"author":1,"featured_media":0,"parent":0,"menu_order":0,"comment_status":"closed","ping_status":"closed","template":"","meta":[],"yoast_head":"<!-- This site is optimized with the Yoast SEO plugin v20.6 - https:\/\/yoast.com\/wordpress\/plugins\/seo\/ -->\n<title>\u00bfQuieres que tu perro sea feliz?<\/title>\n<meta name=\"robots\" content=\"index, follow, max-snippet:-1, max-image-preview:large, max-video-preview:-1\" \/>\n<link rel=\"canonical\" href=\"https:\/\/mejoresproductosparaperros.com\/\" \/>\n<meta property=\"og:locale\" content=\"es_ES\" \/>\n<meta property=\"og:type\" content=\"article\" \/>\n<meta property=\"og:title\" content=\"\u00bfQuieres que tu perro sea feliz?\" \/>\n<meta property=\"og:description\" content=\"Consigue algunos de los mejores productos y consejos para que tu perro tenga los mejores cuidados y una buena calidad de vida. Principales accesorios Camas Los perros necesitan un lugar c\u00f3modo y seguro donde descansar y dormir. Las camas para perros est\u00e1n dise\u00f1adas para proporcionarles una superficie acolchada y suave donde puedan relajarse y descansar. [&hellip;]\" \/>\n<meta property=\"og:url\" content=\"https:\/\/mejoresproductosparaperros.com\/\" \/>\n<meta property=\"og:site_name\" content=\"PRODUCTOS PARA PERROS\" \/>\n<meta property=\"article:modified_time\" content=\"2023-04-15T12:18:31+00:00\" \/>\n<meta property=\"og:image\" content=\"https:\/\/mejoresproductosparaperros.com\/wp-content\/uploads\/2023\/04\/adorable-grown-up-animal-background.jpg\" \/>\n<meta name=\"twitter:card\" content=\"summary_large_image\" \/>\n<meta name=\"twitter:label1\" content=\"Tiempo de lectura\" \/>\n\t<meta name=\"twitter:data1\" content=\"3 minutos\" \/>\n<script type=\"application\/ld+json\" class=\"yoast-schema-graph\">{\"@context\":\"https:\/\/schema.org\",\"@graph\":[{\"@type\":\"WebPage\",\"@id\":\"https:\/\/mejoresproductosparaperros.com\/\",\"url\":\"https:\/\/mejoresproductosparaperros.com\/\",\"name\":\"\u00bfQuieres que tu perro sea feliz?\",\"isPartOf\":{\"@id\":\"https:\/\/mejoresproductosparaperros.com\/#website\"},\"datePublished\":\"2023-04-15T10:53:46+00:00\",\"dateModified\":\"2023-04-15T12:18:31+00:00\",\"breadcrumb\":{\"@id\":\"https:\/\/mejoresproductosparaperros.com\/#breadcrumb\"},\"inLanguage\":\"es\",\"potentialAction\":[{\"@type\":\"ReadAction\",\"target\":[\"https:\/\/mejoresproductosparaperros.com\/\"]}]},{\"@type\":\"BreadcrumbList\",\"@id\":\"https:\/\/mejoresproductosparaperros.com\/#breadcrumb\",\"itemListElement\":[{\"@type\":\"ListItem\",\"position\":1,\"name\":\"Portada\",\"item\":\"https:\/\/mejoresproductosparaperros.com\/\"},{\"@type\":\"ListItem\",\"position\":2,\"name\":\"\u00bfQuieres que tu perro sea feliz?\"}]},{\"@type\":\"WebSite\",\"@id\":\"https:\/\/mejoresproductosparaperros.com\/#website\",\"url\":\"https:\/\/mejoresproductosparaperros.com\/\",\"name\":\"PRODUCTOS PARA PERROS\",\"description\":\"Web de Informaci\u00f3n sobre los Mejores Productos y Accesorios para Perros\",\"potentialAction\":[{\"@type\":\"SearchAction\",\"target\":{\"@type\":\"EntryPoint\",\"urlTemplate\":\"https:\/\/mejoresproductosparaperros.com\/?s={search_term_string}\"},\"query-input\":\"required name=search_term_string\"}],\"inLanguage\":\"es\"}]}<\/script>\n<!-- \/ Yoast SEO plugin. -->","yoast_head_json":{"title":"\u00bfQuieres que tu perro sea feliz?","robots":{"index":"index","follow":"follow","max-snippet":"max-snippet:-1","max-image-preview":"max-image-preview:large","max-video-preview":"max-video-preview:-1"},"canonical":"https:\/\/mejoresproductosparaperros.com\/","og_locale":"es_ES","og_type":"article","og_title":"\u00bfQuieres que tu perro sea feliz?","og_description":"Consigue algunos de los mejores productos y consejos para que tu perro tenga los mejores cuidados y una buena calidad de vida. Principales accesorios Camas Los perros necesitan un lugar c\u00f3modo y seguro donde descansar y dormir. Las camas para perros est\u00e1n dise\u00f1adas para proporcionarles una superficie acolchada y suave donde puedan relajarse y descansar. [&hellip;]","og_url":"https:\/\/mejoresproductosparaperros.com\/","og_site_name":"PRODUCTOS PARA PERROS","article_modified_time":"2023-04-15T12:18:31+00:00","og_image":[{"url":"https:\/\/mejoresproductosparaperros.com\/wp-content\/uploads\/2023\/04\/adorable-grown-up-animal-background.jpg"}],"twitter_card":"summary_large_image","twitter_misc":{"Tiempo de lectura":"3 minutos"},"schema":{"@context":"https:\/\/schema.org","@graph":[{"@type":"WebPage","@id":"https:\/\/mejoresproductosparaperros.com\/","url":"https:\/\/mejoresproductosparaperros.com\/","name":"\u00bfQuieres que tu perro sea feliz?","isPartOf":{"@id":"https:\/\/mejoresproductosparaperros.com\/#website"},"datePublished":"2023-04-15T10:53:46+00:00","dateModified":"2023-04-15T12:18:31+00:00","breadcrumb":{"@id":"https:\/\/mejoresproductosparaperros.com\/#breadcrumb"},"inLanguage":"es","potentialAction":[{"@type":"ReadAction","target":["https:\/\/mejoresproductosparaperros.com\/"]}]},{"@type":"BreadcrumbList","@id":"https:\/\/mejoresproductosparaperros.com\/#breadcrumb","itemListElement":[{"@type":"ListItem","position":1,"name":"Portada","item":"https:\/\/mejoresproductosparaperros.com\/"},{"@type":"ListItem","position":2,"name":"\u00bfQuieres que tu perro sea feliz?"}]},{"@type":"WebSite","@id":"https:\/\/mejoresproductosparaperros.com\/#website","url":"https:\/\/mejoresproductosparaperros.com\/","name":"PRODUCTOS PARA PERROS","description":"Web de Informaci\u00f3n sobre los Mejores Productos y Accesorios para Perros","potentialAction":[{"@type":"SearchAction","target":{"@type":"EntryPoint","urlTemplate":"https:\/\/mejoresproductosparaperros.com\/?s={search_term_string}"},"query-input":"required name=search_term_string"}],"inLanguage":"es"}]}},"_links":{"self":[{"href":"https:\/\/mejoresproductosparaperros.com\/index.php?rest_route=\/wp\/v2\/pages\/5"}],"collection":[{"href":"https:\/\/mejoresproductosparaperros.com\/index.php?rest_route=\/wp\/v2\/pages"}],"about":[{"href":"https:\/\/mejoresproductosparaperros.com\/index.php?rest_route=\/wp\/v2\/types\/page"}],"author":[{"embeddable":true,"href":"https:\/\/mejoresproductosparaperros.com\/index.php?rest_route=\/wp\/v2\/users\/1"}],"replies":[{"embeddable":true,"href":"https:\/\/mejoresproductosparaperros.com\/index.php?rest_route=%2Fwp%2Fv2%2Fcomments&post=5"}],"version-history":[{"count":4,"href":"https:\/\/mejoresproductosparaperros.com\/index.php?rest_route=\/wp\/v2\/pages\/5\/revisions"}],"predecessor-version":[{"id":27,"href":"https:\/\/mejoresproductosparaperros.com\/index.php?rest_route=\/wp\/v2\/pages\/5\/revisions\/27"}],"wp:attachment":[{"href":"https:\/\/mejoresproductosparaperros.com\/index.php?rest_route=%2Fwp%2Fv2%2Fmedia&parent=5"}],"curies":[{"name":"wp","href":"https:\/\/api.w.org\/{rel}","templated":true}]}}